{"id":5,"date":"2021-11-24T04:31:40","date_gmt":"2021-11-24T04:31:40","guid":{"rendered":"https:\/\/servicioscontablesamena.com\/?page_id=5"},"modified":"2025-10-21T04:25:20","modified_gmt":"2025-10-21T04:25:20","slug":"servicios-contables-amena","status":"publish","type":"page","link":"https:\/\/servicioscontableamena.com\/","title":{"rendered":"Servicios Contables AMENA"},"content":{"rendered":"\n<h2 class=\"wp-block-heading\" id=\"servicios-contables-y-legales-en-costa-rica\">Servicios Contables y Legales en Costa Rica<\/h2>\n\n\n\n<div style=\"height:100px\" aria-hidden=\"true\" class=\"wp-block-spacer\"><\/div>\n\n\n\n<h3 class=\"wp-block-heading\" id=\"servicios-contables-asesoria-financiera-tributaria-y-legal\">Servicios Contables, Asesor\u00eda Financiera Tributaria y Legal.<\/h3>\n\n\n\n<div style=\"height:143px\" aria-hidden=\"true\" class=\"wp-block-spacer\"><\/div>\n\n\n\n<p class=\"wp-block-paragraph\"><strong>CONTABLES<\/strong><\/p>\n\n\n\n<p class=\"wp-block-paragraph\">Contabilidad Outsorcing, Estados Financieros, Impuestos, Certificaciones de Ingreso CPA, Constancias de Ingreso CPI, Flujos de Caja Proyectados, Auditorias Financieras, Sistemas Contables, Planillas, Peritajes y M\u00e1s.<\/p>\n\n\n\n<p class=\"wp-block-paragraph\"><strong>LEGALES<\/strong><\/p>\n\n\n\n<p class=\"wp-block-paragraph\">Asesor\u00eda Legal, Registro de Marcas, Gesti\u00f3n de Cobro, Traspasos, Embargos, Contratos, Matrimonios, Divorcios, Laboral; Litigios y M\u00e1s.<\/p>\n\n\n\n<p class=\"wp-block-paragraph\">Para nosotros es un agrado presentar nuestra amplia gama de servicios contables para peque\u00f1as o grandes empresas, consulte y le asesoramos sobre los servicios contables que ofrecemos.<\/p>\n\n\n\n<p class=\"wp-block-paragraph\">Nos especializamos en contabilidad y asesor\u00edas contables para su empresa o negocio, somos profesionales y brindamos m\u00e1xima calidad en nuestro servicio, nos distinguimos por seriedad y confiabilidad, no dude en adquirir nuestros servicios.<\/p>\n\n\n\n<div style=\"height:100px\" aria-hidden=\"true\" class=\"wp-block-spacer\"><\/div>\n\n\n\n<p class=\"has-text-align-left wp-block-paragraph\"><strong>CERTIFICADO DE INGRESOS<\/strong> <strong><a href=\"https:\/\/servicioscontableamena.com\/index.php\/solicitud-de-formularios\/\">Solicitelo aqu\u00ed<\/a><\/strong><\/p>\n\n\n\n<p class=\"wp-block-paragraph\">Las certificaciones de Ingresos que les ofrecemos le permitir\u00e1n justificar sus ingresos ante entidades bancarias o cualquier instituci\u00f3n que se lo solicite.<\/p>\n\n\n\n<div class=\"wp-block-columns is-layout-flex wp-container-core-columns-is-layout-8f761849 wp-block-columns-is-layout-flex\">\n<div class=\"wp-block-column is-layout-flow wp-block-column-is-layout-flow\" style=\"flex-basis:100%\">\n<div class=\"wp-block-columns are-vertically-aligned-center is-layout-flex wp-container-core-columns-is-layout-8f761849 wp-block-columns-is-layout-flex\">\n<div class=\"wp-block-column is-vertically-aligned-center is-layout-flow wp-block-column-is-layout-flow\" style=\"flex-basis:80%\">\n<figure class=\"wp-block-image size-large is-resized is-style-rounded\"><img decoding=\"async\" src=\"https:\/\/servicioscontableamena.com\/wp-content\/uploads\/2021\/11\/Diario-empresa.jpg\" alt=\"\" style=\"width:655px;height:auto\"\/><\/figure>\n\n\n\n<div class=\"wp-block-columns alignwide is-layout-flex wp-container-core-columns-is-layout-8f761849 wp-block-columns-is-layout-flex\">\n<div class=\"wp-block-column is-layout-flow wp-block-column-is-layout-flow\">\n<hr class=\"wp-block-separator has-css-opacity\"\/>\n\n\n\n<p class=\"wp-block-paragraph\"><strong>CERTIFICACIONES DE INGRESO NO FORMALES<\/strong><\/p>\n\n\n\n<p class=\"wp-block-paragraph\">Si no posee suficiente respaldo, como facturas que comprueben su ingreso y egreso, le ofrecemos la alternativa de Estudio de Ingresos.<\/p>\n\n\n\n<figure class=\"wp-block-image size-large is-resized is-style-rounded\"><img decoding=\"async\" src=\"https:\/\/servicioscontableamena.com\/wp-content\/uploads\/2021\/11\/Estudio-de-Ingresos.jpg\" alt=\"Servico contable Ingresos\" style=\"width:673px;height:auto\"\/><\/figure>\n\n\n\n<hr class=\"wp-block-separator has-css-opacity\"\/>\n\n\n\n<p class=\"wp-block-paragraph\">&nbsp;&nbsp;&nbsp;&nbsp; <strong>FLUJOS DE CAJA PROYECTADOS<\/strong><\/p>\n\n\n\n<p class=\"wp-block-paragraph\">Si requiere aperturar sus cuentas bancarias, nosotros le ayudamos.<\/p>\n\n\n\n<figure class=\"wp-block-image size-large is-resized is-style-rounded\"><img decoding=\"async\" src=\"https:\/\/servicioscontableamena.com\/wp-content\/uploads\/2021\/11\/flujos-de-caja.jpg\" alt=\"\" style=\"width:713px;height:auto\"\/><\/figure>\n<\/div>\n<\/div>\n<\/div>\n<\/div>\n<\/div>\n<\/div>\n\n\n\n<hr class=\"wp-block-separator has-css-opacity\"\/>\n\n\n\n<p class=\"wp-block-paragraph\"><strong>DECLARACIONES DE IMPUESTOS<\/strong><\/p>\n\n\n\n<p class=\"wp-block-paragraph\">Le asesoramos y preparamos su declaraci\u00f3n de impuestos, seg\u00fan su actividad comercial, a tiempo y con responsabilidad.<\/p>\n\n\n\n<figure class=\"wp-block-image size-large is-resized is-style-rounded\"><img decoding=\"async\" src=\"https:\/\/servicioscontableamena.com\/wp-content\/uploads\/2021\/11\/Declaraciones-de-impuestos-1.jpg\" alt=\"\" style=\"width:767px;height:auto\"\/><\/figure>\n\n\n\n<div class=\"wp-block-columns is-layout-flex wp-container-core-columns-is-layout-8f761849 wp-block-columns-is-layout-flex\">\n<div class=\"wp-block-column is-layout-flow wp-block-column-is-layout-flow\" style=\"flex-basis:100%\">\n<div class=\"wp-block-columns alignwide is-layout-flex wp-container-core-columns-is-layout-8f761849 wp-block-columns-is-layout-flex\">\n<div class=\"wp-block-column is-layout-flow wp-block-column-is-layout-flow\">\n<hr class=\"wp-block-separator has-css-opacity\"\/>\n\n\n\n<p class=\"wp-block-paragraph\"><strong>&nbsp;<strong>CONTABILIDAD OUTSORCING<\/strong><\/strong><\/p>\n\n\n\n<p class=\"wp-block-paragraph\">Delegue los registros contables a expertos, y aproveche su tiempo en su negocio, contamos con experiencia y profesionalismo a su disposici\u00f3n.<\/p>\n\n\n\n<figure class=\"wp-block-image size-large is-resized is-style-rounded\"><img decoding=\"async\" src=\"https:\/\/servicioscontableamena.com\/wp-content\/uploads\/2021\/11\/outsourcing.jpg\" alt=\"\" style=\"width:783px;height:auto\"\/><\/figure>\n\n\n\n<hr class=\"wp-block-separator has-css-opacity\"\/>\n\n\n\n<p class=\"wp-block-paragraph\"><strong><strong>SISTEMAS CONTABLES Y FACTURACI\u00d3N<\/strong><\/strong><\/p>\n\n\n\n<p class=\"wp-block-paragraph\">Si requiere de un sistema contable completo, y accesible, le podemos mostrar opciones a su alcance y tecnol\u00f3gicas para su negocio.<\/p>\n\n\n\n<figure class=\"wp-block-image size-large is-resized is-style-rounded\"><img decoding=\"async\" src=\"https:\/\/servicioscontableamena.com\/wp-content\/uploads\/2021\/11\/facturacion.jpg\" alt=\"\" style=\"width:795px;height:auto\"\/><\/figure>\n<\/div>\n<\/div>\n<\/div>\n<\/div>\n\n\n\n<hr class=\"wp-block-separator has-css-opacity\"\/>\n\n\n\n<p class=\"wp-block-paragraph\">&nbsp;&nbsp;&nbsp;&nbsp; <strong>AUDITOR\u00cdA FINANCIERA<\/strong><\/p>\n\n\n\n<p class=\"wp-block-paragraph\">Le ofrecemos una opini\u00f3n independiente de la razonabilidad de los estados financieros de su representada, que le sea \u00fatil para efectos bancarios, tributarios y de su propio inter\u00e9s.<\/p>\n\n\n\n<figure class=\"wp-block-image size-large is-resized is-style-rounded\"><img decoding=\"async\" src=\"https:\/\/servicioscontableamena.com\/wp-content\/uploads\/2021\/11\/auditoria.jpg\" alt=\"\" style=\"width:811px;height:auto\"\/><\/figure>\n\n\n\n<hr class=\"wp-block-separator has-css-opacity\"\/>\n\n\n\n<p class=\"wp-block-paragraph\">&nbsp;&nbsp;&nbsp;&nbsp;&nbsp; <strong>ASESORIA EN TEMAS LABORALES<\/strong><\/p>\n\n\n\n<p class=\"wp-block-paragraph\">Brindamos Servicios relacionados con su planilla como:Elaboraci\u00f3n de Planillas, Presentaci\u00f3n de planilla en la CCSS y el INS, Liquidaciones Laborales, C\u00e1lculo de pago de incapacidades.<\/p>\n\n\n\n<figure class=\"wp-block-image size-large is-resized is-style-rounded\"><img decoding=\"async\" src=\"https:\/\/servicioscontableamena.com\/wp-content\/uploads\/2021\/11\/Asesorias-temas-legales.jpg\" alt=\"\" style=\"width:800px;height:auto\"\/><\/figure>\n\n\n\n<hr class=\"wp-block-separator has-css-opacity\"\/>\n\n\n\n<p class=\"wp-block-paragraph\">&nbsp;&nbsp;&nbsp;&nbsp;&nbsp; <strong>PERITAJES CONTABLES<\/strong><\/p>\n\n\n\n<p class=\"wp-block-paragraph\">Contamos con experiencia en peritajes judiciales contables, relacionados con la contadur\u00eda p\u00fablica, estos informes permiten la resoluci\u00f3n de conflictos en un \u00e1mbito judicial<\/p>\n\n\n\n<figure class=\"wp-block-image size-large is-resized is-style-rounded\"><img decoding=\"async\" src=\"https:\/\/servicioscontableamena.com\/wp-content\/uploads\/2021\/11\/peritajes.jpg\" alt=\"\" style=\"width:763px;height:auto\"\/><\/figure>\n\n\n\n<hr class=\"wp-block-separator has-css-opacity\"\/>\n\n\n\n<p class=\"wp-block-paragraph\">&nbsp;&nbsp;&nbsp;&nbsp;&nbsp; <strong>ASESORIA TRIBUTARIA<\/strong><\/p>\n\n\n\n<p class=\"wp-block-paragraph\">Lo asesoramos en materia tributaria, evite pagar impuestos que no le corresponde, o apoyamos en toma de decisiones respecto a impuestos.<\/p>\n\n\n\n<figure class=\"wp-block-image size-large is-resized is-style-rounded\"><img decoding=\"async\" src=\"https:\/\/servicioscontableamena.com\/wp-content\/uploads\/2021\/11\/asesoria-tributaria.jpg\" alt=\"\" style=\"width:816px;height:auto\"\/><\/figure>\n\n\n\n<hr class=\"wp-block-separator has-css-opacity\"\/>\n\n\n\n<p class=\"wp-block-paragraph\"><strong><a href=\"http:\/\/servicioscontableamena.com\/brochureservicios.pdf\">VALORACION DE EMPRESAS Y REESTRUCTURACION CORPORATIVA<\/a><\/strong><\/p>\n\n\n\n<p class=\"wp-block-paragraph\">Especialistas  en asesor\u00eda&nbsp;<em><a href=\"http:\/\/servicioscontableamena.com\/brochureservicios.pdf\">financiera<\/a><\/em> y valoraci\u00f3n de empresas, Proyectamos su desarrollo profesional. Cons\u00faltenos. Asesor\u00eda especializada en finanzas para el desarrollo de sus proyectos.<\/p>\n\n\n\n<figure class=\"wp-block-image size-large is-resized is-style-rounded\"><img decoding=\"async\" src=\"https:\/\/servicioscontableamena.com\/wp-content\/uploads\/2023\/10\/dinero-billetes.jpg\" alt=\"\" style=\"width:839px;height:auto\"\/><\/figure>\n\n\n\n<hr class=\"wp-block-separator has-css-opacity\"\/>\n\n\n\n<p class=\"wp-block-paragraph\">&nbsp;&nbsp;&nbsp; <strong>REGISTRO Y LIQUIDACIONES DE SOCIEDADES<\/strong><\/p>\n\n\n\n<p class=\"wp-block-paragraph\">Si requiere registro de su sociedad, podemos colaborarle con ese servicio, de la forma m\u00e1s oportuna y responsable.<\/p>\n\n\n\n<p class=\"wp-block-paragraph\">Desea saber si su patrono est\u00e1 respetando sus derechos, o si se encuentra en un proceso judicial laboral, lo apoyamos.<\/p>\n\n\n\n<figure class=\"wp-block-image size-large is-resized is-style-rounded\"><img decoding=\"async\" src=\"https:\/\/servicioscontableamena.com\/wp-content\/uploads\/2021\/11\/Registro-de-sociedades.jpg\" alt=\"\" style=\"width:808px;height:auto\"\/><\/figure>\n\n\n\n<hr class=\"wp-block-separator has-alpha-channel-opacity\"\/>\n\n\n\n<p class=\"wp-block-paragraph\">&nbsp;&nbsp;&nbsp;&nbsp; <strong>REGISTRO DE MARCA<\/strong><\/p>\n\n\n\n<p class=\"wp-block-paragraph\">Si requiere registrar la marca, podemos colaborarle con ese tr\u00e1mite.<\/p>\n\n\n\n<figure class=\"wp-block-image size-large is-resized is-style-rounded\"><img decoding=\"async\" src=\"https:\/\/servicioscontableamena.com\/wp-content\/uploads\/2021\/11\/Registro-de-marca-1.png\" alt=\"\" style=\"width:784px;height:auto\"\/><\/figure>\n\n\n\n<hr class=\"wp-block-separator has-css-opacity\"\/>\n\n\n\n<p class=\"wp-block-paragraph\">&nbsp;&nbsp; <strong>COBRO JUDICIAL<\/strong><\/p>\n\n\n\n<p class=\"wp-block-paragraph\">Necesita un proceso de cobro judicial, con gusto lo ayudamos.<\/p>\n\n\n\n<figure class=\"wp-block-image size-large is-resized is-style-rounded\"><img decoding=\"async\" src=\"https:\/\/servicioscontableamena.com\/wp-content\/uploads\/2021\/11\/Cobro-judicial.jpg\" alt=\"\" style=\"width:789px;height:auto\"\/><\/figure>\n\n\n\n<hr class=\"wp-block-separator has-css-opacity\"\/>\n\n\n\n<p class=\"wp-block-paragraph\">&nbsp;&nbsp;&nbsp;&nbsp;&nbsp; <strong>PROCESOS LABORALES<\/strong><\/p>\n\n\n\n<figure class=\"wp-block-image size-large is-resized is-style-rounded\"><img decoding=\"async\" src=\"https:\/\/servicioscontableamena.com\/wp-content\/uploads\/2021\/11\/Procesos-laborales.jpg\" alt=\"\" style=\"width:794px;height:auto\"\/><\/figure>\n\n\n\n<hr class=\"wp-block-separator has-css-opacity\"\/>\n\n\n\n<p class=\"wp-block-paragraph\">&nbsp;&nbsp;&nbsp;&nbsp;&nbsp; <strong>PENSION ALIMENTICIA<\/strong><\/p>\n\n\n\n<p class=\"wp-block-paragraph\">Requiere asesor\u00eda legal con temas judiciales familiares, podemos asesorarlo<strong>.<\/strong><\/p>\n\n\n\n<figure class=\"wp-block-image size-large is-resized is-style-rounded\"><img decoding=\"async\" src=\"https:\/\/servicioscontableamena.com\/wp-content\/uploads\/2021\/11\/Pension.jpg\" alt=\"\" style=\"width:835px;height:auto\"\/><\/figure>\n\n\n\n<hr class=\"wp-block-separator has-css-opacity\"\/>\n\n\n\n<p class=\"wp-block-paragraph\">&nbsp;&nbsp;&nbsp;&nbsp;&nbsp; <strong>MATRIMONIO \u2013 DIVORSIO \u2013 CAPITULACIONES<\/strong><\/p>\n\n\n\n<p class=\"wp-block-paragraph\">Desea contraer matrimonio, podemos ayudarle con este tr\u00e1mite.<\/p>\n\n\n\n<figure class=\"wp-block-image size-large is-resized is-style-rounded\"><img decoding=\"async\" src=\"https:\/\/servicioscontableamena.com\/wp-content\/uploads\/2021\/11\/Matrimonio.jpg\" alt=\"\" style=\"width:818px;height:auto\"\/><\/figure>\n\n\n\n<hr class=\"wp-block-separator has-css-opacity\"\/>\n\n\n\n<p class=\"wp-block-paragraph\">&nbsp;&nbsp;&nbsp;&nbsp; <strong>SERVICIOS NOTARIALES<\/strong><\/p>\n\n\n\n<p class=\"wp-block-paragraph\">Requiere de servicios notariales, traspaso de alg\u00fan bien, ponemos a su disposici\u00f3n este servicio.<\/p>\n\n\n\n<figure class=\"wp-block-image size-large is-resized is-style-rounded\"><img decoding=\"async\" src=\"https:\/\/servicioscontableamena.com\/wp-content\/uploads\/2021\/11\/Notariales.jpg\" alt=\"\" style=\"width:838px;height:auto\"\/><\/figure>\n\n\n\n<hr class=\"wp-block-separator has-css-opacity\"\/>\n\n\n\n<p class=\"wp-block-paragraph\">&nbsp;&nbsp;&nbsp;&nbsp;&nbsp; <strong>DERECHO PENAL<\/strong><\/p>\n\n\n\n<p class=\"wp-block-paragraph\">Si se encuentra en un proceso penal, podemos asesorarlo.<\/p>\n\n\n\n<figure class=\"wp-block-image size-large is-resized is-style-rounded\"><img decoding=\"async\" src=\"https:\/\/servicioscontableamena.com\/wp-content\/uploads\/2021\/11\/Derecho-penal.jpg\" alt=\"\" style=\"width:836px;height:auto\"\/><\/figure>\n\n\n\n<hr class=\"wp-block-separator has-alpha-channel-opacity\"\/>\n\n\n<p><a href=\"https:\/\/www.facebook.com\/Contabilidades-AMENA-1238697402855010\/\" target=\"_blank\" rel=\"noopener\"><br \/>\n\t\t\t\t\t\tFacebook<br \/>\n\t\t\t\t\t\t\t\t\t\t\t<\/a><br \/>\n\t\t\t\t\t<a target=\"_blank\" rel=\"noopener\"><br \/>\n\t\t\t\t\t\tTwitter<br \/>\n\t\t\t\t\t\t\t\t\t\t\t<\/a><br \/>\n\t\t\t\t\t<a target=\"_blank\" rel=\"noopener\"><br \/>\n\t\t\t\t\t\tYoutube<br \/>\n\t\t\t\t\t\t\t\t\t\t\t<\/a><\/p>","protected":false},"excerpt":{"rendered":"<p>Servicios Contables y Legales en Costa Rica Servicios Contables, Asesor\u00eda Financiera Tributaria y Legal. CONTABLES Contabilidad Outsorcing, Estados Financieros, Impuestos, Certificaciones de Ingreso CPA, Constancias de Ingreso CPI, Flujos de Caja Proyectados, Auditorias Financieras, Sistemas Contables, Planillas, Peritajes y M\u00e1s. LEGALES Asesor\u00eda Legal, Registro de Marcas, Gesti\u00f3n de Cobro, Traspasos, Embargos, Contratos, Matrimonios, Divorcios, Laboral; [&hellip;]<\/p>\n","protected":false},"author":1,"featured_media":0,"parent":0,"menu_order":0,"comment_status":"closed","ping_status":"closed","template":"","meta":{"_crdt_document":"","footnotes":""},"class_list":["post-5","page","type-page","status-publish","hentry"],"yoast_head":"<!-- This site is optimized with the Yoast SEO plugin v27.4 - https:\/\/yoast.com\/product\/yoast-seo-wordpress\/ -->\r\n<title>Servicios Contables AMENA - Servicios Contables AMENA<\/title>\r\n<meta name=\"description\" content=\"Servicios contables para su empresa o negocio, asesor\u00eda contable y legal para empresas o peque\u00f1os negocios, contabilidad amena\" \/>\r\n<meta name=\"robots\" content=\"index, follow, max-snippet:-1, max-image-preview:large, max-video-preview:-1\" \/>\r\n<link rel=\"canonical\" href=\"https:\/\/servicioscontablesamena.com\" \/>\r\n<meta property=\"og:locale\" content=\"es_ES\" \/>\r\n<meta property=\"og:type\" content=\"article\" \/>\r\n<meta property=\"og:title\" content=\"Servicios Contables AMENA - Servicios Contables AMENA\" \/>\r\n<meta property=\"og:description\" content=\"Servicios contables para su empresa o negocio, asesor\u00eda contable y legal para empresas o peque\u00f1os negocios, contabilidad amena\" \/>\r\n<meta property=\"og:url\" content=\"https:\/\/servicioscontablesamena.com\" \/>\r\n<meta property=\"og:site_name\" content=\"Servicios Contables AMENA\" \/>\r\n<meta property=\"article:publisher\" content=\"https:\/\/www.facebook.com\/Contabilidades-AMENA-1238697402855010\/\" \/>\r\n<meta property=\"article:modified_time\" content=\"2025-10-21T04:25:20+00:00\" \/>\r\n<meta property=\"og:image\" content=\"https:\/\/servicioscontableamena.com\/wp-content\/uploads\/2021\/11\/Diario-empresa.jpg\" \/>\r\n<meta name=\"twitter:card\" content=\"summary_large_image\" \/>\r\n<meta name=\"twitter:label1\" content=\"Tiempo de lectura\" \/>\n\t<meta name=\"twitter:data1\" content=\"7 minutos\" \/>\r\n<script type=\"application\/ld+json\" class=\"yoast-schema-graph\">{\"@context\":\"https:\\\/\\\/schema.org\",\"@graph\":[{\"@type\":\"WebPage\",\"@id\":\"https:\\\/\\\/servicioscontableamena.com\\\/\",\"url\":\"https:\\\/\\\/servicioscontablesamena.com\",\"name\":\"Servicios Contables AMENA - Servicios Contables AMENA\",\"isPartOf\":{\"@id\":\"https:\\\/\\\/servicioscontableamena.com\\\/#website\"},\"primaryImageOfPage\":{\"@id\":\"https:\\\/\\\/servicioscontablesamena.com#primaryimage\"},\"image\":{\"@id\":\"https:\\\/\\\/servicioscontablesamena.com#primaryimage\"},\"thumbnailUrl\":\"https:\\\/\\\/servicioscontableamena.com\\\/wp-content\\\/uploads\\\/2021\\\/11\\\/Diario-empresa.jpg\",\"datePublished\":\"2021-11-24T04:31:40+00:00\",\"dateModified\":\"2025-10-21T04:25:20+00:00\",\"description\":\"Servicios contables para su empresa o negocio, asesor\u00eda contable y legal para empresas o peque\u00f1os negocios, contabilidad amena\",\"breadcrumb\":{\"@id\":\"https:\\\/\\\/servicioscontablesamena.com#breadcrumb\"},\"inLanguage\":\"es\",\"potentialAction\":[{\"@type\":\"ReadAction\",\"target\":[\"https:\\\/\\\/servicioscontablesamena.com\"]}]},{\"@type\":\"ImageObject\",\"inLanguage\":\"es\",\"@id\":\"https:\\\/\\\/servicioscontablesamena.com#primaryimage\",\"url\":\"https:\\\/\\\/servicioscontableamena.com\\\/wp-content\\\/uploads\\\/2021\\\/11\\\/Diario-empresa.jpg\",\"contentUrl\":\"https:\\\/\\\/servicioscontableamena.com\\\/wp-content\\\/uploads\\\/2021\\\/11\\\/Diario-empresa.jpg\",\"width\":275,\"height\":183},{\"@type\":\"BreadcrumbList\",\"@id\":\"https:\\\/\\\/servicioscontablesamena.com#breadcrumb\",\"itemListElement\":[{\"@type\":\"ListItem\",\"position\":1,\"name\":\"Portada\",\"item\":\"https:\\\/\\\/servicioscontableamena.com\\\/\"},{\"@type\":\"ListItem\",\"position\":2,\"name\":\"Servicios Contables AMENA\"}]},{\"@type\":\"WebSite\",\"@id\":\"https:\\\/\\\/servicioscontableamena.com\\\/#website\",\"url\":\"https:\\\/\\\/servicioscontableamena.com\\\/\",\"name\":\"Servicios Contables AMENA\",\"description\":\"Asesorias y servicios contables en Costa Rica\",\"publisher\":{\"@id\":\"https:\\\/\\\/servicioscontableamena.com\\\/#organization\"},\"potentialAction\":[{\"@type\":\"SearchAction\",\"target\":{\"@type\":\"EntryPoint\",\"urlTemplate\":\"https:\\\/\\\/servicioscontableamena.com\\\/?s={search_term_string}\"},\"query-input\":{\"@type\":\"PropertyValueSpecification\",\"valueRequired\":true,\"valueName\":\"search_term_string\"}}],\"inLanguage\":\"es\"},{\"@type\":\"Organization\",\"@id\":\"https:\\\/\\\/servicioscontableamena.com\\\/#organization\",\"name\":\"Servicios Contables Amena\",\"url\":\"https:\\\/\\\/servicioscontableamena.com\\\/\",\"logo\":{\"@type\":\"ImageObject\",\"inLanguage\":\"es\",\"@id\":\"https:\\\/\\\/servicioscontableamena.com\\\/#\\\/schema\\\/logo\\\/image\\\/\",\"url\":\"https:\\\/\\\/servicioscontableamena.com\\\/wp-content\\\/uploads\\\/2022\\\/01\\\/Logo-amena-transparencia.jpeg\",\"contentUrl\":\"https:\\\/\\\/servicioscontableamena.com\\\/wp-content\\\/uploads\\\/2022\\\/01\\\/Logo-amena-transparencia.jpeg\",\"width\":901,\"height\":544,\"caption\":\"Servicios Contables Amena\"},\"image\":{\"@id\":\"https:\\\/\\\/servicioscontableamena.com\\\/#\\\/schema\\\/logo\\\/image\\\/\"},\"sameAs\":[\"https:\\\/\\\/www.facebook.com\\\/Contabilidades-AMENA-1238697402855010\\\/\"]}]}<\/script>\r\n<!-- \/ Yoast SEO plugin. -->","yoast_head_json":{"title":"Servicios Contables AMENA - Servicios Contables AMENA","description":"Servicios contables para su empresa o negocio, asesor\u00eda contable y legal para empresas o peque\u00f1os negocios, contabilidad amena","robots":{"index":"index","follow":"follow","max-snippet":"max-snippet:-1","max-image-preview":"max-image-preview:large","max-video-preview":"max-video-preview:-1"},"canonical":"https:\/\/servicioscontablesamena.com","og_locale":"es_ES","og_type":"article","og_title":"Servicios Contables AMENA - Servicios Contables AMENA","og_description":"Servicios contables para su empresa o negocio, asesor\u00eda contable y legal para empresas o peque\u00f1os negocios, contabilidad amena","og_url":"https:\/\/servicioscontablesamena.com","og_site_name":"Servicios Contables AMENA","article_publisher":"https:\/\/www.facebook.com\/Contabilidades-AMENA-1238697402855010\/","article_modified_time":"2025-10-21T04:25:20+00:00","og_image":[{"url":"https:\/\/servicioscontableamena.com\/wp-content\/uploads\/2021\/11\/Diario-empresa.jpg","type":"","width":"","height":""}],"twitter_card":"summary_large_image","twitter_misc":{"Tiempo de lectura":"7 minutos"},"schema":{"@context":"https:\/\/schema.org","@graph":[{"@type":"WebPage","@id":"https:\/\/servicioscontableamena.com\/","url":"https:\/\/servicioscontablesamena.com","name":"Servicios Contables AMENA - Servicios Contables AMENA","isPartOf":{"@id":"https:\/\/servicioscontableamena.com\/#website"},"primaryImageOfPage":{"@id":"https:\/\/servicioscontablesamena.com#primaryimage"},"image":{"@id":"https:\/\/servicioscontablesamena.com#primaryimage"},"thumbnailUrl":"https:\/\/servicioscontableamena.com\/wp-content\/uploads\/2021\/11\/Diario-empresa.jpg","datePublished":"2021-11-24T04:31:40+00:00","dateModified":"2025-10-21T04:25:20+00:00","description":"Servicios contables para su empresa o negocio, asesor\u00eda contable y legal para empresas o peque\u00f1os negocios, contabilidad amena","breadcrumb":{"@id":"https:\/\/servicioscontablesamena.com#breadcrumb"},"inLanguage":"es","potentialAction":[{"@type":"ReadAction","target":["https:\/\/servicioscontablesamena.com"]}]},{"@type":"ImageObject","inLanguage":"es","@id":"https:\/\/servicioscontablesamena.com#primaryimage","url":"https:\/\/servicioscontableamena.com\/wp-content\/uploads\/2021\/11\/Diario-empresa.jpg","contentUrl":"https:\/\/servicioscontableamena.com\/wp-content\/uploads\/2021\/11\/Diario-empresa.jpg","width":275,"height":183},{"@type":"BreadcrumbList","@id":"https:\/\/servicioscontablesamena.com#breadcrumb","itemListElement":[{"@type":"ListItem","position":1,"name":"Portada","item":"https:\/\/servicioscontableamena.com\/"},{"@type":"ListItem","position":2,"name":"Servicios Contables AMENA"}]},{"@type":"WebSite","@id":"https:\/\/servicioscontableamena.com\/#website","url":"https:\/\/servicioscontableamena.com\/","name":"Servicios Contables AMENA","description":"Asesorias y servicios contables en Costa Rica","publisher":{"@id":"https:\/\/servicioscontableamena.com\/#organization"},"potentialAction":[{"@type":"SearchAction","target":{"@type":"EntryPoint","urlTemplate":"https:\/\/servicioscontableamena.com\/?s={search_term_string}"},"query-input":{"@type":"PropertyValueSpecification","valueRequired":true,"valueName":"search_term_string"}}],"inLanguage":"es"},{"@type":"Organization","@id":"https:\/\/servicioscontableamena.com\/#organization","name":"Servicios Contables Amena","url":"https:\/\/servicioscontableamena.com\/","logo":{"@type":"ImageObject","inLanguage":"es","@id":"https:\/\/servicioscontableamena.com\/#\/schema\/logo\/image\/","url":"https:\/\/servicioscontableamena.com\/wp-content\/uploads\/2022\/01\/Logo-amena-transparencia.jpeg","contentUrl":"https:\/\/servicioscontableamena.com\/wp-content\/uploads\/2022\/01\/Logo-amena-transparencia.jpeg","width":901,"height":544,"caption":"Servicios Contables Amena"},"image":{"@id":"https:\/\/servicioscontableamena.com\/#\/schema\/logo\/image\/"},"sameAs":["https:\/\/www.facebook.com\/Contabilidades-AMENA-1238697402855010\/"]}]}},"_links":{"self":[{"href":"https:\/\/servicioscontableamena.com\/index.php\/wp-json\/wp\/v2\/pages\/5","targetHints":{"allow":["GET"]}}],"collection":[{"href":"https:\/\/servicioscontableamena.com\/index.php\/wp-json\/wp\/v2\/pages"}],"about":[{"href":"https:\/\/servicioscontableamena.com\/index.php\/wp-json\/wp\/v2\/types\/page"}],"author":[{"embeddable":true,"href":"https:\/\/servicioscontableamena.com\/index.php\/wp-json\/wp\/v2\/users\/1"}],"replies":[{"embeddable":true,"href":"https:\/\/servicioscontableamena.com\/index.php\/wp-json\/wp\/v2\/comments?post=5"}],"version-history":[{"count":63,"href":"https:\/\/servicioscontableamena.com\/index.php\/wp-json\/wp\/v2\/pages\/5\/revisions"}],"predecessor-version":[{"id":297,"href":"https:\/\/servicioscontableamena.com\/index.php\/wp-json\/wp\/v2\/pages\/5\/revisions\/297"}],"wp:attachment":[{"href":"https:\/\/servicioscontableamena.com\/index.php\/wp-json\/wp\/v2\/media?parent=5"}],"curies":[{"name":"wp","href":"https:\/\/api.w.org\/{rel}","templated":true}]}}