{"id":6,"date":"2021-11-24T04:31:40","date_gmt":"2021-11-24T04:31:40","guid":{"rendered":"https:\/\/servicioscontablesamena.com\/?page_id=6"},"modified":"2021-11-26T21:38:36","modified_gmt":"2021-11-26T21:38:36","slug":"acerca-de","status":"publish","type":"page","link":"https:\/\/servicioscontableamena.com\/index.php\/acerca-de\/","title":{"rendered":"Acerca de nosotros:"},"content":{"rendered":"\n<p class=\"wp-block-paragraph\"><strong>AMENA es una oficina contable y legal que brinda servicios profesionales de alta calidad y profesionalismo en el \u00e1rea de la Contadur\u00eda P\u00fablica y Legal\u00a0 en Costa Rica, desde su fundaci\u00f3n en el 2015, ha ido formando una estrategia de asesoramiento a sus clientes en aspectos contables y legales, con profesionales egresados de las mejores universidades del pa\u00eds\u00a0 que buscan solventar esas necesidades financieras, tributarias y legales que las empresas y contribuyentes del pa\u00eds presentan.<\/strong><\/p>\n\n\n\n<p class=\"wp-block-paragraph\"><strong>Adem\u00e1s, AMENA tiene un enfoque 100% personalizado a lo que el cliente requiere, y su estrategia es la digitalizaci\u00f3n de los procesos contables y legales, para brindar a sus clientes una confianza, tranquilidad y sobre todo una mayor seguridad de que sus empresas o actividades comerciales se encuentran con el mejor asesoramiento posible y as\u00ed garantizar que la informaci\u00f3n contable y legal est\u00e9 a la mano para poder tomar decisiones que mejoren el rumbo de sus negocios.<\/strong><\/p>\n\n\n\n<p class=\"wp-block-paragraph\"><strong>UBICACI\u00d3N:<\/strong> 250 Metros al Este del Hotel Iraz\u00fa, Edificio Barza, #1<\/p>\n\n\n\n<figure class=\"wp-block-image size-large is-style-rounded\"><img fetchpriority=\"high\" decoding=\"async\" width=\"1024\" height=\"636\" src=\"https:\/\/servicioscontablesamena.com\/wp-content\/uploads\/2021\/11\/Edificio-Amena-1024x636.jpg\" alt=\"Edificio Amena\" class=\"wp-image-88\" srcset=\"https:\/\/servicioscontableamena.com\/wp-content\/uploads\/2021\/11\/Edificio-Amena-1024x636.jpg 1024w, https:\/\/servicioscontableamena.com\/wp-content\/uploads\/2021\/11\/Edificio-Amena-300x186.jpg 300w, https:\/\/servicioscontableamena.com\/wp-content\/uploads\/2021\/11\/Edificio-Amena-768x477.jpg 768w, https:\/\/servicioscontableamena.com\/wp-content\/uploads\/2021\/11\/Edificio-Amena.jpg 1280w\" sizes=\"(max-width: 1024px) 100vw, 1024px\" \/><\/figure>\n","protected":false},"excerpt":{"rendered":"<p>AMENA es una oficina contable y legal que brinda servicios profesionales de alta calidad y profesionalismo en el \u00e1rea de la Contadur\u00eda P\u00fablica y Legal\u00a0 en Costa Rica, desde su fundaci\u00f3n en el 2015, ha ido formando una estrategia de asesoramiento a sus clientes en aspectos contables y legales, con profesionales egresados de las mejores [&hellip;]<\/p>\n","protected":false},"author":1,"featured_media":0,"parent":0,"menu_order":0,"comment_status":"closed","ping_status":"closed","template":"","meta":{"_crdt_document":"","footnotes":""},"class_list":["post-6","page","type-page","status-publish","hentry"],"yoast_head":"<!-- This site is optimized with the Yoast SEO plugin v27.4 - https:\/\/yoast.com\/product\/yoast-seo-wordpress\/ -->\r\n<title>Acerca de nosotros: - Servicios Contables AMENA<\/title>\r\n<meta name=\"robots\" content=\"index, follow, max-snippet:-1, max-image-preview:large, max-video-preview:-1\" \/>\r\n<link rel=\"canonical\" href=\"https:\/\/servicioscontableamena.com\/index.php\/acerca-de\/\" \/>\r\n<meta property=\"og:locale\" content=\"es_ES\" \/>\r\n<meta property=\"og:type\" content=\"article\" \/>\r\n<meta property=\"og:title\" content=\"Acerca de nosotros: - Servicios Contables AMENA\" \/>\r\n<meta property=\"og:description\" content=\"AMENA es una oficina contable y legal que brinda servicios profesionales de alta calidad y profesionalismo en el \u00e1rea de la Contadur\u00eda P\u00fablica y Legal\u00a0 en Costa Rica, desde su fundaci\u00f3n en el 2015, ha ido formando una estrategia de asesoramiento a sus clientes en aspectos contables y legales, con profesionales egresados de las mejores [&hellip;]\" \/>\r\n<meta property=\"og:url\" content=\"https:\/\/servicioscontableamena.com\/index.php\/acerca-de\/\" \/>\r\n<meta property=\"og:site_name\" content=\"Servicios Contables AMENA\" \/>\r\n<meta property=\"article:publisher\" content=\"https:\/\/www.facebook.com\/Contabilidades-AMENA-1238697402855010\/\" \/>\r\n<meta property=\"article:modified_time\" content=\"2021-11-26T21:38:36+00:00\" \/>\r\n<meta property=\"og:image\" content=\"https:\/\/servicioscontablesamena.com\/wp-content\/uploads\/2021\/11\/Edificio-Amena-1024x636.jpg\" \/>\r\n<meta name=\"twitter:card\" content=\"summary_large_image\" \/>\r\n<meta name=\"twitter:label1\" content=\"Tiempo de lectura\" \/>\n\t<meta name=\"twitter:data1\" content=\"1 minuto\" \/>\r\n<script type=\"application\/ld+json\" class=\"yoast-schema-graph\">{\"@context\":\"https:\\\/\\\/schema.org\",\"@graph\":[{\"@type\":\"WebPage\",\"@id\":\"https:\\\/\\\/servicioscontableamena.com\\\/index.php\\\/acerca-de\\\/\",\"url\":\"https:\\\/\\\/servicioscontableamena.com\\\/index.php\\\/acerca-de\\\/\",\"name\":\"Acerca de nosotros: - Servicios Contables AMENA\",\"isPartOf\":{\"@id\":\"https:\\\/\\\/servicioscontableamena.com\\\/#website\"},\"primaryImageOfPage\":{\"@id\":\"https:\\\/\\\/servicioscontableamena.com\\\/index.php\\\/acerca-de\\\/#primaryimage\"},\"image\":{\"@id\":\"https:\\\/\\\/servicioscontableamena.com\\\/index.php\\\/acerca-de\\\/#primaryimage\"},\"thumbnailUrl\":\"https:\\\/\\\/servicioscontablesamena.com\\\/wp-content\\\/uploads\\\/2021\\\/11\\\/Edificio-Amena-1024x636.jpg\",\"datePublished\":\"2021-11-24T04:31:40+00:00\",\"dateModified\":\"2021-11-26T21:38:36+00:00\",\"breadcrumb\":{\"@id\":\"https:\\\/\\\/servicioscontableamena.com\\\/index.php\\\/acerca-de\\\/#breadcrumb\"},\"inLanguage\":\"es\",\"potentialAction\":[{\"@type\":\"ReadAction\",\"target\":[\"https:\\\/\\\/servicioscontableamena.com\\\/index.php\\\/acerca-de\\\/\"]}]},{\"@type\":\"ImageObject\",\"inLanguage\":\"es\",\"@id\":\"https:\\\/\\\/servicioscontableamena.com\\\/index.php\\\/acerca-de\\\/#primaryimage\",\"url\":\"https:\\\/\\\/servicioscontablesamena.com\\\/wp-content\\\/uploads\\\/2021\\\/11\\\/Edificio-Amena-1024x636.jpg\",\"contentUrl\":\"https:\\\/\\\/servicioscontablesamena.com\\\/wp-content\\\/uploads\\\/2021\\\/11\\\/Edificio-Amena-1024x636.jpg\"},{\"@type\":\"BreadcrumbList\",\"@id\":\"https:\\\/\\\/servicioscontableamena.com\\\/index.php\\\/acerca-de\\\/#breadcrumb\",\"itemListElement\":[{\"@type\":\"ListItem\",\"position\":1,\"name\":\"Portada\",\"item\":\"https:\\\/\\\/servicioscontableamena.com\\\/\"},{\"@type\":\"ListItem\",\"position\":2,\"name\":\"Acerca de nosotros:\"}]},{\"@type\":\"WebSite\",\"@id\":\"https:\\\/\\\/servicioscontableamena.com\\\/#website\",\"url\":\"https:\\\/\\\/servicioscontableamena.com\\\/\",\"name\":\"Servicios Contables AMENA\",\"description\":\"Asesorias y servicios contables en Costa Rica\",\"publisher\":{\"@id\":\"https:\\\/\\\/servicioscontableamena.com\\\/#organization\"},\"potentialAction\":[{\"@type\":\"SearchAction\",\"target\":{\"@type\":\"EntryPoint\",\"urlTemplate\":\"https:\\\/\\\/servicioscontableamena.com\\\/?s={search_term_string}\"},\"query-input\":{\"@type\":\"PropertyValueSpecification\",\"valueRequired\":true,\"valueName\":\"search_term_string\"}}],\"inLanguage\":\"es\"},{\"@type\":\"Organization\",\"@id\":\"https:\\\/\\\/servicioscontableamena.com\\\/#organization\",\"name\":\"Servicios Contables Amena\",\"url\":\"https:\\\/\\\/servicioscontableamena.com\\\/\",\"logo\":{\"@type\":\"ImageObject\",\"inLanguage\":\"es\",\"@id\":\"https:\\\/\\\/servicioscontableamena.com\\\/#\\\/schema\\\/logo\\\/image\\\/\",\"url\":\"https:\\\/\\\/servicioscontableamena.com\\\/wp-content\\\/uploads\\\/2022\\\/01\\\/Logo-amena-transparencia.jpeg\",\"contentUrl\":\"https:\\\/\\\/servicioscontableamena.com\\\/wp-content\\\/uploads\\\/2022\\\/01\\\/Logo-amena-transparencia.jpeg\",\"width\":901,\"height\":544,\"caption\":\"Servicios Contables Amena\"},\"image\":{\"@id\":\"https:\\\/\\\/servicioscontableamena.com\\\/#\\\/schema\\\/logo\\\/image\\\/\"},\"sameAs\":[\"https:\\\/\\\/www.facebook.com\\\/Contabilidades-AMENA-1238697402855010\\\/\"]}]}<\/script>\r\n<!-- \/ Yoast SEO plugin. -->","yoast_head_json":{"title":"Acerca de nosotros: - Servicios Contables AMENA","robots":{"index":"index","follow":"follow","max-snippet":"max-snippet:-1","max-image-preview":"max-image-preview:large","max-video-preview":"max-video-preview:-1"},"canonical":"https:\/\/servicioscontableamena.com\/index.php\/acerca-de\/","og_locale":"es_ES","og_type":"article","og_title":"Acerca de nosotros: - Servicios Contables AMENA","og_description":"AMENA es una oficina contable y legal que brinda servicios profesionales de alta calidad y profesionalismo en el \u00e1rea de la Contadur\u00eda P\u00fablica y Legal\u00a0 en Costa Rica, desde su fundaci\u00f3n en el 2015, ha ido formando una estrategia de asesoramiento a sus clientes en aspectos contables y legales, con profesionales egresados de las mejores [&hellip;]","og_url":"https:\/\/servicioscontableamena.com\/index.php\/acerca-de\/","og_site_name":"Servicios Contables AMENA","article_publisher":"https:\/\/www.facebook.com\/Contabilidades-AMENA-1238697402855010\/","article_modified_time":"2021-11-26T21:38:36+00:00","og_image":[{"url":"https:\/\/servicioscontablesamena.com\/wp-content\/uploads\/2021\/11\/Edificio-Amena-1024x636.jpg","type":"","width":"","height":""}],"twitter_card":"summary_large_image","twitter_misc":{"Tiempo de lectura":"1 minuto"},"schema":{"@context":"https:\/\/schema.org","@graph":[{"@type":"WebPage","@id":"https:\/\/servicioscontableamena.com\/index.php\/acerca-de\/","url":"https:\/\/servicioscontableamena.com\/index.php\/acerca-de\/","name":"Acerca de nosotros: - Servicios Contables AMENA","isPartOf":{"@id":"https:\/\/servicioscontableamena.com\/#website"},"primaryImageOfPage":{"@id":"https:\/\/servicioscontableamena.com\/index.php\/acerca-de\/#primaryimage"},"image":{"@id":"https:\/\/servicioscontableamena.com\/index.php\/acerca-de\/#primaryimage"},"thumbnailUrl":"https:\/\/servicioscontablesamena.com\/wp-content\/uploads\/2021\/11\/Edificio-Amena-1024x636.jpg","datePublished":"2021-11-24T04:31:40+00:00","dateModified":"2021-11-26T21:38:36+00:00","breadcrumb":{"@id":"https:\/\/servicioscontableamena.com\/index.php\/acerca-de\/#breadcrumb"},"inLanguage":"es","potentialAction":[{"@type":"ReadAction","target":["https:\/\/servicioscontableamena.com\/index.php\/acerca-de\/"]}]},{"@type":"ImageObject","inLanguage":"es","@id":"https:\/\/servicioscontableamena.com\/index.php\/acerca-de\/#primaryimage","url":"https:\/\/servicioscontablesamena.com\/wp-content\/uploads\/2021\/11\/Edificio-Amena-1024x636.jpg","contentUrl":"https:\/\/servicioscontablesamena.com\/wp-content\/uploads\/2021\/11\/Edificio-Amena-1024x636.jpg"},{"@type":"BreadcrumbList","@id":"https:\/\/servicioscontableamena.com\/index.php\/acerca-de\/#breadcrumb","itemListElement":[{"@type":"ListItem","position":1,"name":"Portada","item":"https:\/\/servicioscontableamena.com\/"},{"@type":"ListItem","position":2,"name":"Acerca de nosotros:"}]},{"@type":"WebSite","@id":"https:\/\/servicioscontableamena.com\/#website","url":"https:\/\/servicioscontableamena.com\/","name":"Servicios Contables AMENA","description":"Asesorias y servicios contables en Costa Rica","publisher":{"@id":"https:\/\/servicioscontableamena.com\/#organization"},"potentialAction":[{"@type":"SearchAction","target":{"@type":"EntryPoint","urlTemplate":"https:\/\/servicioscontableamena.com\/?s={search_term_string}"},"query-input":{"@type":"PropertyValueSpecification","valueRequired":true,"valueName":"search_term_string"}}],"inLanguage":"es"},{"@type":"Organization","@id":"https:\/\/servicioscontableamena.com\/#organization","name":"Servicios Contables Amena","url":"https:\/\/servicioscontableamena.com\/","logo":{"@type":"ImageObject","inLanguage":"es","@id":"https:\/\/servicioscontableamena.com\/#\/schema\/logo\/image\/","url":"https:\/\/servicioscontableamena.com\/wp-content\/uploads\/2022\/01\/Logo-amena-transparencia.jpeg","contentUrl":"https:\/\/servicioscontableamena.com\/wp-content\/uploads\/2022\/01\/Logo-amena-transparencia.jpeg","width":901,"height":544,"caption":"Servicios Contables Amena"},"image":{"@id":"https:\/\/servicioscontableamena.com\/#\/schema\/logo\/image\/"},"sameAs":["https:\/\/www.facebook.com\/Contabilidades-AMENA-1238697402855010\/"]}]}},"_links":{"self":[{"href":"https:\/\/servicioscontableamena.com\/index.php\/wp-json\/wp\/v2\/pages\/6","targetHints":{"allow":["GET"]}}],"collection":[{"href":"https:\/\/servicioscontableamena.com\/index.php\/wp-json\/wp\/v2\/pages"}],"about":[{"href":"https:\/\/servicioscontableamena.com\/index.php\/wp-json\/wp\/v2\/types\/page"}],"author":[{"embeddable":true,"href":"https:\/\/servicioscontableamena.com\/index.php\/wp-json\/wp\/v2\/users\/1"}],"replies":[{"embeddable":true,"href":"https:\/\/servicioscontableamena.com\/index.php\/wp-json\/wp\/v2\/comments?post=6"}],"version-history":[{"count":2,"href":"https:\/\/servicioscontableamena.com\/index.php\/wp-json\/wp\/v2\/pages\/6\/revisions"}],"predecessor-version":[{"id":89,"href":"https:\/\/servicioscontableamena.com\/index.php\/wp-json\/wp\/v2\/pages\/6\/revisions\/89"}],"wp:attachment":[{"href":"https:\/\/servicioscontableamena.com\/index.php\/wp-json\/wp\/v2\/media?parent=6"}],"curies":[{"name":"wp","href":"https:\/\/api.w.org\/{rel}","templated":true}]}}